{"id":7215,"date":"2023-11-27T10:30:15","date_gmt":"2023-11-27T09:30:15","guid":{"rendered":"https:\/\/tsv-wor-ski.de\/wordpress\/?page_id=7215"},"modified":"2025-11-10T17:17:53","modified_gmt":"2025-11-10T16:17:53","slug":"partner-und-sponsoren","status":"publish","type":"page","link":"https:\/\/tsv-wor-ski.de\/wordpress\/partner-und-sponsoren\/","title":{"rendered":"Partner und Sponsoren"},"content":{"rendered":"\n<p>Als kleiner Skiverein im bayerischen Oberland d\u00fcrfen wir auf beachtliche Erfolge unserer Ski-W\u00f6lfe in den vergangenen Wintern im Skiverband Oberland sowie im Vergleich mit den besten Nachwuchs-Athletinnen und -athleten Deutschlands zur\u00fcckblicken. Um den aufw\u00e4ndigen Trainings- und Skirennbetrieb f\u00fcr alle Ski-W\u00f6lfe von U6 bis U16 auf hohem Leistungsniveau gew\u00e4hrleisten zu k\u00f6nnen, sind wir enorm auf finanzielle und materielle Unterst\u00fctzung von Partnern und Sponsoren angewiesen.<\/p>\n\n\n<div class=\"wp-block-image\">\n<figure class=\"aligncenter size-large is-resized\"><img loading=\"lazy\" decoding=\"async\" width=\"1024\" height=\"768\" src=\"https:\/\/tsv-wor-ski.de\/wordpress\/wp-content\/uploads\/2025\/01\/20241103_Trainingscamp-Hintertux-Querformat-1024x768.jpg\" alt=\"TSV Wolfratshausen Ski Trainingscamp Hintertux im November 2024\" class=\"wp-image-7828\" style=\"aspect-ratio:1.3333333333333333;width:609px;height:auto\" srcset=\"https:\/\/tsv-wor-ski.de\/wordpress\/wp-content\/uploads\/2025\/01\/20241103_Trainingscamp-Hintertux-Querformat-1024x768.jpg 1024w, https:\/\/tsv-wor-ski.de\/wordpress\/wp-content\/uploads\/2025\/01\/20241103_Trainingscamp-Hintertux-Querformat-300x225.jpg 300w, https:\/\/tsv-wor-ski.de\/wordpress\/wp-content\/uploads\/2025\/01\/20241103_Trainingscamp-Hintertux-Querformat-768x576.jpg 768w, https:\/\/tsv-wor-ski.de\/wordpress\/wp-content\/uploads\/2025\/01\/20241103_Trainingscamp-Hintertux-Querformat-1536x1152.jpg 1536w, https:\/\/tsv-wor-ski.de\/wordpress\/wp-content\/uploads\/2025\/01\/20241103_Trainingscamp-Hintertux-Querformat-2048x1536.jpg 2048w\" sizes=\"auto, (max-width: 1024px) 100vw, 1024px\" \/><figcaption class=\"wp-element-caption\">Die Ski-W\u00f6lfe sagen DANKE!<\/figcaption><\/figure><\/div>\n\n\n<div class=\"wp-block-columns is-layout-flex wp-container-core-columns-is-layout-9d6595d7 wp-block-columns-is-layout-flex\">\n<div class=\"wp-block-column is-vertically-aligned-top is-layout-flow wp-block-column-is-layout-flow\" style=\"flex-basis:100%\">\n<div class=\"wp-block-columns is-layout-flex wp-container-core-columns-is-layout-9d6595d7 wp-block-columns-is-layout-flex\">\n<div class=\"wp-block-column is-layout-flow wp-block-column-is-layout-flow\" style=\"flex-basis:100%\"><div class=\"wp-block-image\">\n<figure class=\"aligncenter size-full is-resized\"><img loading=\"lazy\" decoding=\"async\" width=\"82\" height=\"125\" src=\"https:\/\/tsv-wor-ski.de\/wordpress\/wp-content\/uploads\/2023\/11\/logo-gustavo-gusto-2021.png\" alt=\"\" class=\"wp-image-7218\" style=\"width:116px;height:auto\"\/><\/figure><\/div><\/div>\n<\/div>\n\n\n<div class=\"wp-block-image\">\n<figure class=\"aligncenter size-full is-resized\"><a href=\"https:\/\/www.konrad-autoteile.de\/filialen\/geretsried\/\"><img loading=\"lazy\" decoding=\"async\" width=\"458\" height=\"94\" src=\"https:\/\/tsv-wor-ski.de\/wordpress\/wp-content\/uploads\/2018\/11\/konrad-autoteile-logo.png\" alt=\"\" class=\"wp-image-4147\" style=\"width:326px;height:auto\" srcset=\"https:\/\/tsv-wor-ski.de\/wordpress\/wp-content\/uploads\/2018\/11\/konrad-autoteile-logo.png 458w, https:\/\/tsv-wor-ski.de\/wordpress\/wp-content\/uploads\/2018\/11\/konrad-autoteile-logo-300x62.png 300w\" sizes=\"auto, (max-width: 458px) 100vw, 458px\" \/><\/a><\/figure><\/div><\/div>\n<\/div>\n\n\n\n<p class=\"has-text-align-center\"><strong>Wir bedanken uns an dieser Stelle bei allen Sponsoren und Partnern f\u00fcr ihre Unterst\u00fctzung, besonders unseren Hauptsponsoren<\/strong> <strong>Gustavo Gusto GmbH &amp; Co. KG und Konrad Autoteile Geretsried.<\/strong><\/p>\n\n\n\n<h2 class=\"wp-block-heading\">WANTED: So k\u00f6nnen Sie die Ski-W\u00f6lfe unterst\u00fctzen<\/h2>\n\n\n\n<p><strong>Wir suchen weitere starke Partner und Sponsoren, die unsere Kinder- und Jugendarbeit, und damit vor allem unsere jungen Athletinnen und Athleten bei der Aus\u00fcbung ihrer gro\u00dfen Leidenschaft unterst\u00fctzen m\u00f6chten.<\/strong> Wir freuen uns auch \u00fcber Einzelspenden (Spendenquittung m\u00f6glich), die ebenfalls zu 100% den Kindern und dem kostenintensiven Trainingsbetrieb zugutekommt.<\/p>\n\n\n\n<p><strong>Finanzielle Unterst\u00fctzung wird u.a. ben\u00f6tigt:<\/strong><\/p>\n\n\n\n<ul class=\"wp-block-list\">\n<li>f\u00fcr Betrieb und Wartung unseres Vereinsbusses mit 8 Sitzpl\u00e4tzen,<\/li>\n\n\n\n<li>zur Deckung der Kosten f\u00fcr den Trainings- und Rennbetrieb inklusive unserem Material (z.B. Torflaggen, Absperrz\u00e4une, Startnummern, Stumpies, Zeitmessung, Ger\u00e4te f\u00fcr Sommertraining).<\/li>\n<\/ul>\n\n\n\n<p><strong>Wir bieten eine Vielzahl von M\u00f6glichkeiten zur offline sowie online Kooperation und Sponsoring.<\/strong> Die Reichweite unserer Social Media Accounts kann f\u00fcr gemeinsame Kampagnen genutzt werden. Kooperations-Pakete k\u00f6nnen einen bestimmten Kanal umfassen oder ein Mix aus verschiedenen Optionen darstellen. Kontaktieren Sie uns bei Interesse unter <a href=\"mailto:presse@tsv-wor-ski.de\">presse@tsv-wor-ski.de<\/a>.<\/p>\n\n\n\n<p><strong>Werbefl\u00e4chen k\u00f6nnen wir Ihrem Unternehmen anbieten auf<\/strong>:<\/p>\n\n\n\n<ul class=\"wp-block-list\">\n<li>Vereinsbus,<\/li>\n\n\n\n<li>Vereinskleidung,<\/li>\n\n\n\n<li>Ski-Helmen,<\/li>\n\n\n\n<li>Material wie Startnummern, Torflaggen und Absperrz\u00e4unen,<\/li>\n\n\n\n<li>Webseite &amp; Social Media Aktionen,<\/li>\n\n\n\n<li>sowie auch individuelle Werbekonzepte bei Rennen.<\/li>\n<\/ul>\n\n\n\n<p>Lassen Sie uns gemeinsam Erfolge feiern!<\/p>\n\n\n\n<h2 class=\"wp-block-heading\">R\u00fcckblick Erfolge &amp; Auszeichnungen der Ski-W\u00f6lfe<\/h2>\n\n\n\n<ul class=\"wp-block-list\">\n<li>Winter 2024\/2025: <strong>2. Platz in der Gesamtwertung Deutscher Sch\u00fclercup U14 m\u00e4nnlich<\/strong><\/li>\n\n\n\n<li>Winter 2024\/2025: <strong>Platz 9 in der Gesamtwertung Deutscher Sch\u00fclercup U16 weiblich<\/strong> (als j\u00fcngerer Jahrgang)<\/li>\n\n\n\n<li>Winter 2024\/2025: <strong>3. Platz im Slalom bei den Bayerischen Sch\u00fclermeisterschaften, 5. Platz in der Kombination<\/strong><\/li>\n\n\n\n<li>Winter 2024\/2025: 1. Platz sowie Platz 5 in der Gesamtwertung U14 m\u00e4nnlich und 3. Platz in der U14 weiblich und 2. Platz in der U16 weiblich im Skiverband Oberland<\/li>\n\n\n\n<li>2024\/2025: Sieg in der Mannschaftswertung in der U9\/U10 im Skiverband Oberland mit 2 Gesamtsiegen, 1x Platz 2, 1x Platz 3 und 5 weiteren Top 10 Pl\u00e4tzen<\/li>\n\n\n\n<li>2024\/2025: 3x Top 10 im Skiverband Oberland in der U12<\/li>\n\n\n\n<li><strong>seit<\/strong> <strong>2023 bis heute: j\u00e4hrliche Auszeichnung des TSV Wolfratshausen Ski als offizieller <a href=\"https:\/\/tsv-wor-ski.de\/wordpress\/2023\/09\/30\/tsv-wolfratshausen-ist-talent-punkt-des-deutschen-skiverbandes\/\" target=\"_blank\" rel=\"noopener\" title=\"TSV Wolfratshausen ist TALENT.PUNKT des Deutschen Skiverbandes (DSV)\">DSV-Talentpunkt<\/a><\/strong> <strong>Ski Alpin<\/strong><\/li>\n\n\n\n<li>2024: 11 Auszeichnungen bei der Sportlergala Wolfratshausen f\u00fcr Ski-W\u00f6lfe, <a href=\"https:\/\/tsv-wor-ski.de\/wordpress\/2024\/10\/23\/sportlergala-wolfratshausen-2024\/\" target=\"_blank\" rel=\"noopener\" title=\"Sportlergala Wolfratshausen 2024\">Malie Dieterich wird als Jugendsportlerin des Jahres<\/a> ausgezeichnet<\/li>\n\n\n\n<li>Winter 2023\/2024: <strong>6. Platz in der Gesamtwertung des Deutschen Sch\u00fclercups U14<\/strong> <strong>weiblich<\/strong><\/li>\n\n\n\n<li>Winter 2023\/2024: <strong>3. Platz im Finale des Deutschen Sch\u00fclercups<\/strong> <strong>U12<\/strong> weiblich im Slalom <strong>sowie 5. Platz<\/strong> in der Kombination<\/li>\n\n\n\n<li>Winter 2023\/2024: <strong>3. Platz U12 Gesamtwertung m\u00e4nnlich und 1. Platz in der U12 Gesamtwertung weiblich, sowie jeweils zwei Top 5 Platzierungen<\/strong> in der Gesamtwertung U11 m\u00e4nnlich und weiblich im Skiverband Oberland<\/li>\n\n\n\n<li>Winter 2023\/2024: <strong>Dreifachsieg in der Gesamtwertung U9 weiblich und Doppelsieg in der Gesamtwertung U9 m\u00e4nnlich sowie 2. Platz in der Mannschaftswertung U10 im Skiverband Oberland<\/strong><\/li>\n\n\n\n<li>Winter 2023\/2024: 3. Platz in der Gesamtwertung U8 weiblich und 2. Platz in der U8 m\u00e4nnlich sowie 3 weitere Stockerlpl\u00e4tze in der U7 und U6 im Skiverband Oberland<\/li>\n\n\n\n<li>2023: <a href=\"https:\/\/tsv-wor-ski.de\/wordpress\/2023\/11\/26\/sportler-gala-wolfratshausen-2023-auszeichnungen-fur-ski-wolfe\/\" target=\"_blank\" rel=\"noopener\" title=\"Sportler Gala Wolfratshausen 2023: 6 Auszeichnungen f\u00fcr Ski-W\u00f6lfe\">6 Auszeichnungen als Sportlerin und Sportler des Jahres Wolfratshausen<\/a><\/li>\n\n\n\n<li>Winter 2022\/2023: <strong>Top 6 Platzierung im Finale des Deutschen Sch\u00fclercups U12<\/strong> <strong>m\u00e4nnlich<\/strong> <strong>sowie Top 8 Platzierung<\/strong> <strong>U12 weiblich<\/strong><\/li>\n\n\n\n<li>Winter 2022\/2023: jeweils zwei Top 3 Platzierungen in der U11 und U12 Gesamtwertung weiblich und m\u00e4nnlich im Skigau Oberland <\/li>\n\n\n\n<li>Winter 2022\/2023: 3. Platz in der U10 Gesamtwertung m\u00e4nnlich im Skigau Oberland<\/li>\n\n\n\n<li><strong>Herbst 2022: Auszeichnung als DSV Trainer des Jahres Ski Alpin<\/strong> f\u00fcr Steffen Dieterich<\/li>\n\n\n\n<li>Winter 2021\/2022: <strong>Top 3 Platzierung im Finale des Deutschen Sch\u00fclercups U12<\/strong> weiblich<\/li>\n<\/ul>\n\n\n\n<p>Einen aktuellen \u00dcberblick \u00fcber unsere Vereinsaktivit\u00e4ten finden Sie <a href=\"https:\/\/tsv-wor-ski.de\/wordpress\/category\/berichte\/\" target=\"_blank\" rel=\"noopener\" title=\"hier in den Berichten\">hier in den Berichten<\/a> sowie auf unseren sozialen Kan\u00e4len.<\/p>\n\n\n","protected":false},"excerpt":{"rendered":"<p>Als kleiner Skiverein im bayerischen Oberland d\u00fcrfen wir auf beachtliche Erfolge unserer Ski-W\u00f6lfe in den vergangenen Wintern im Skiverband Oberland sowie im Vergleich mit den besten Nachwuchs-Athletinnen und -athleten Deutschlands zur\u00fcckblicken. Um den aufw\u00e4ndigen Trainings- und Skirennbetrieb f\u00fcr alle Ski-W\u00f6lfe &hellip; <a href=\"https:\/\/tsv-wor-ski.de\/wordpress\/partner-und-sponsoren\/\">Weiter<\/a><\/p>\n","protected":false},"author":90,"featured_media":7180,"parent":0,"menu_order":0,"comment_status":"closed","ping_status":"closed","template":"","meta":{"kt_blocks_editor_width":"","footnotes":""},"class_list":["post-7215","page","type-page","status-publish","has-post-thumbnail","hentry"],"aioseo_notices":[],"_links":{"self":[{"href":"https:\/\/tsv-wor-ski.de\/wordpress\/wp-json\/wp\/v2\/pages\/7215","targetHints":{"allow":["GET"]}}],"collection":[{"href":"https:\/\/tsv-wor-ski.de\/wordpress\/wp-json\/wp\/v2\/pages"}],"about":[{"href":"https:\/\/tsv-wor-ski.de\/wordpress\/wp-json\/wp\/v2\/types\/page"}],"author":[{"embeddable":true,"href":"https:\/\/tsv-wor-ski.de\/wordpress\/wp-json\/wp\/v2\/users\/90"}],"replies":[{"embeddable":true,"href":"https:\/\/tsv-wor-ski.de\/wordpress\/wp-json\/wp\/v2\/comments?post=7215"}],"version-history":[{"count":35,"href":"https:\/\/tsv-wor-ski.de\/wordpress\/wp-json\/wp\/v2\/pages\/7215\/revisions"}],"predecessor-version":[{"id":8396,"href":"https:\/\/tsv-wor-ski.de\/wordpress\/wp-json\/wp\/v2\/pages\/7215\/revisions\/8396"}],"wp:featuredmedia":[{"embeddable":true,"href":"https:\/\/tsv-wor-ski.de\/wordpress\/wp-json\/wp\/v2\/media\/7180"}],"wp:attachment":[{"href":"https:\/\/tsv-wor-ski.de\/wordpress\/wp-json\/wp\/v2\/media?parent=7215"}],"curies":[{"name":"wp","href":"https:\/\/api.w.org\/{rel}","templated":true}]}}